{"id":4197,"date":"2018-09-04T16:48:18","date_gmt":"2018-09-04T16:48:18","guid":{"rendered":"http:\/\/www.anelli-fidanzamento.com\/?page_id=4197"},"modified":"2018-11-17T10:53:21","modified_gmt":"2018-11-17T10:53:21","slug":"04-come-funziona","status":"publish","type":"page","link":"https:\/\/anelli3.italix.org\/en\/anelli-di-fidanzamento-artigianali\/04-come-funziona\/","title":{"rendered":"04. come nasce il tuo anello"},"content":{"rendered":"<div class=\"addtoany_share_save_container addtoany_content_top\"><div class=\"addtoany_header\">Share the love:<\/div><div class=\"a2a_kit a2a_kit_size_32 addtoany_list\" data-a2a-url=\"https:\/\/anelli3.italix.org\/en\/anelli-di-fidanzamento-artigianali\/04-come-funziona\/\" data-a2a-title=\"04. come nasce il tuo anello\"><a class=\"a2a_button_facebook\" href=\"https:\/\/www.addtoany.com\/add_to\/facebook?linkurl=https%3A%2F%2Fanelli3.italix.org%2Fen%2Fanelli-di-fidanzamento-artigianali%2F04-come-funziona%2F&amp;linkname=04.%20come%20nasce%20il%20tuo%20anello\" title=\"Facebook\" rel=\"nofollow\" target=\"_blank\"><\/a><a class=\"a2a_button_twitter\" href=\"https:\/\/www.addtoany.com\/add_to\/twitter?linkurl=https%3A%2F%2Fanelli3.italix.org%2Fen%2Fanelli-di-fidanzamento-artigianali%2F04-come-funziona%2F&amp;linkname=04.%20come%20nasce%20il%20tuo%20anello\" title=\"Twitter\" rel=\"nofollow\" target=\"_blank\"><\/a><a class=\"a2a_button_google_plus\" href=\"https:\/\/www.addtoany.com\/add_to\/google_plus?linkurl=https%3A%2F%2Fanelli3.italix.org%2Fen%2Fanelli-di-fidanzamento-artigianali%2F04-come-funziona%2F&amp;linkname=04.%20come%20nasce%20il%20tuo%20anello\" title=\"Google+\" rel=\"nofollow\" target=\"_blank\"><\/a><a class=\"a2a_button_whatsapp\" href=\"https:\/\/www.addtoany.com\/add_to\/whatsapp?linkurl=https%3A%2F%2Fanelli3.italix.org%2Fen%2Fanelli-di-fidanzamento-artigianali%2F04-come-funziona%2F&amp;linkname=04.%20come%20nasce%20il%20tuo%20anello\" title=\"WhatsApp\" rel=\"nofollow\" target=\"_blank\"><\/a><a class=\"a2a_button_email\" href=\"https:\/\/www.addtoany.com\/add_to\/email?linkurl=https%3A%2F%2Fanelli3.italix.org%2Fen%2Fanelli-di-fidanzamento-artigianali%2F04-come-funziona%2F&amp;linkname=04.%20come%20nasce%20il%20tuo%20anello\" title=\"Email\" rel=\"nofollow\" target=\"_blank\"><\/a><a class=\"a2a_dd a2a_counter addtoany_share_save\" href=\"https:\/\/www.addtoany.com\/share\"><\/a><\/div><\/div><div style=\"padding: 20px 0px 50px 0px; text-align: center; font-size: 170%; font-family: montserrat; letter-spacing: 2px; line-height: 130%;\">COME NASCE IL TUO ANELLO<\/div>\n<p><img decoding=\"async\" class=\"aligncenter size-full wp-image-1958\" src=\"https:\/\/anelli3.italix.org\/wp-content\/uploads\/2014\/06\/Processo-di-creazione-anello-di-fidanzamento1.png\" alt=\"Processo-di-creazione-anello-di-fidanzamento\" width=\"1158\" height=\"300\" data-wp-pid=\"1958\" srcset=\"https:\/\/anelli3.italix.org\/wp-content\/uploads\/2014\/06\/Processo-di-creazione-anello-di-fidanzamento1.png 1158w, https:\/\/anelli3.italix.org\/wp-content\/uploads\/2014\/06\/Processo-di-creazione-anello-di-fidanzamento1-300x77.png 300w, https:\/\/anelli3.italix.org\/wp-content\/uploads\/2014\/06\/Processo-di-creazione-anello-di-fidanzamento1-1024x265.png 1024w, https:\/\/anelli3.italix.org\/wp-content\/uploads\/2014\/06\/Processo-di-creazione-anello-di-fidanzamento1-800x207.png 800w\" sizes=\"(max-width: 1158px) 100vw, 1158px\"><\/p>\n<div style=\"text-align: center; font-size: 170%; font-family: montserrat; letter-spacing: 2px; line-height: 130%;\">Questo \u00e8 il procedimento che io seguo quando devo creare completamente a mano il tuo <strong>anello di fidanzamento artigianale, etico e personalizzato.<\/strong><\/div>\n<div class=\"clear\"><\/div>\n<div class=\"ix-video-box\" style=\"margin-top:40px;\">\n<div class=\"facebook-responsive\">\n<iframe loading=\"lazy\" src=\"https:\/\/www.facebook.com\/plugins\/video.php?href=https%3A%2F%2Fwww.facebook.com%2Fanellifidanzamento%2Fvideos%2F1787723217917789%2F&#038;show_text=0&#038;width=560\" width=\"560\" height=\"315\" style=\"border:none;overflow:hidden\" scrolling=\"no\" frameborder=\"0\" allowtransparency=\"true\" allowfullscreen=\"true\"><\/iframe>\n<\/div>\n<\/div>\n<div class=\"one_half\">\n<div style=\"padding: 0px 0px 10px 0px; text-align: justify; font-family: montserrat; font-weight: normal;\">\nPer realizzare <strong>un bozzetto su carta del tuo anello artigianale<\/strong> dovrai raccontarmi alcuni dettagli&#8230; come vi siete conosciuti, dove amate andare in vacanza, i vostri hobby, cosa vi piace fare insieme e se avete qualche simbolo particolare che vi rappresenta. <strong>Partendo da questo tuo racconto inizier\u00f2 a disegnare il tuo anello artigianale.<\/strong> Questa fase possiamo farla dal vivo oppure in videoconferenza con Facebook Messenger\/Skype.<\/p>\n<\/div>\n<\/div>\n<div class=\"one_half last\">\n<div style=\"padding: 0px 0px 10px 0px; text-align: justify; font-family: montserrat; font-weight: normal;\">\n<p>Una volta realizzato <strong>il disegno dell\u2019anello artigianale dei tuoi sogni<\/strong>, inizier\u00f2 a dare  forma alla lastra d\u2019oro. Poi salder\u00f2 il metallo cos\u00ec come deciso insieme. Infine incastoner\u00f2 il <strong>diamante etico<\/strong> (o la <strong>pietra preziosa<\/strong> che vorrai) e a quel punto <strong>la tua storia d\u2019amore si sar\u00e0 trasformata in un anello unico<\/strong>. Per raccontarmi la tua storia d\u2019amore che si trosformer\u00e0 in anello <strong>contattami ora.<\/strong><\/p>\n<p><strong>Tu che anello desideri?<\/strong>\n<\/div>\n<\/div>\n<div class=\"clear\"><\/div>\n\n    <div style=\"margin-bottom: 40px;\" align=\"center\">\n<div style=\"width: 300px; text-align: center; margin: 20px 0px 0px 0px; padding: 10px 0px 10px 0px; letter-spacing: 2px; background-color: #c5e9ec;\"><a href=\"http:\/\/anelli3.italix.org\/\/en\/wp-json\/wp\/v2\/pages\/4197#form\">CONTATTAMI ORA<\/a><\/div>\n<\/div>","protected":false},"excerpt":{"rendered":"<div class=\"addtoany_share_save_container addtoany_content_top\"><div class=\"addtoany_header\">Condividi l'amore:<\/div><div class=\"a2a_kit a2a_kit_size_32 addtoany_list\" data-a2a-url=\"https:\/\/anelli3.italix.org\/en\/anelli-di-fidanzamento-artigianali\/04-come-funziona\/\" data-a2a-title=\"04. come nasce il tuo anello\"><a class=\"a2a_button_facebook\" href=\"https:\/\/www.addtoany.com\/add_to\/facebook?linkurl=https%3A%2F%2Fanelli3.italix.org%2Fen%2Fanelli-di-fidanzamento-artigianali%2F04-come-funziona%2F&amp;linkname=04.%20come%20nasce%20il%20tuo%20anello\" title=\"Facebook\" rel=\"nofollow\" target=\"_blank\"><\/a><a class=\"a2a_button_twitter\" href=\"https:\/\/www.addtoany.com\/add_to\/twitter?linkurl=https%3A%2F%2Fanelli3.italix.org%2Fen%2Fanelli-di-fidanzamento-artigianali%2F04-come-funziona%2F&amp;linkname=04.%20come%20nasce%20il%20tuo%20anello\" title=\"Twitter\" rel=\"nofollow\" target=\"_blank\"><\/a><a class=\"a2a_button_google_plus\" href=\"https:\/\/www.addtoany.com\/add_to\/google_plus?linkurl=https%3A%2F%2Fanelli3.italix.org%2Fen%2Fanelli-di-fidanzamento-artigianali%2F04-come-funziona%2F&amp;linkname=04.%20come%20nasce%20il%20tuo%20anello\" title=\"Google+\" rel=\"nofollow\" target=\"_blank\"><\/a><a class=\"a2a_button_whatsapp\" href=\"https:\/\/www.addtoany.com\/add_to\/whatsapp?linkurl=https%3A%2F%2Fanelli3.italix.org%2Fen%2Fanelli-di-fidanzamento-artigianali%2F04-come-funziona%2F&amp;linkname=04.%20come%20nasce%20il%20tuo%20anello\" title=\"WhatsApp\" rel=\"nofollow\" target=\"_blank\"><\/a><a class=\"a2a_button_email\" href=\"https:\/\/www.addtoany.com\/add_to\/email?linkurl=https%3A%2F%2Fanelli3.italix.org%2Fen%2Fanelli-di-fidanzamento-artigianali%2F04-come-funziona%2F&amp;linkname=04.%20come%20nasce%20il%20tuo%20anello\" title=\"Email\" rel=\"nofollow\" target=\"_blank\"><\/a><a class=\"a2a_dd a2a_counter addtoany_share_save\" href=\"https:\/\/www.addtoany.com\/share\"><\/a><\/div><\/div><p>COME NASCE IL TUO ANELLO Questo \u00e8 il procedimento che io seguo quando devo creare completamente a mano il tuo anello di fidanzamento artigianale, etico e personalizzato. Per realizzare un bozzetto su carta del tuo anello artigianale dovrai raccontarmi alcuni dettagli&#8230; come vi siete conosciuti, dove amate andare in vacanza, i vostri hobby, cosa vi [&hellip;]<\/p>\n","protected":false},"author":6,"featured_media":0,"parent":4189,"menu_order":0,"comment_status":"closed","ping_status":"closed","template":"","meta":{"_uag_custom_page_level_css":"","footnotes":""},"class_list":["post-4197","page","type-page","status-publish","hentry"],"yoast_head":"<!-- This site is optimized with the Yoast SEO plugin v22.9 - https:\/\/yoast.com\/wordpress\/plugins\/seo\/ -->\n<title>04. come nasce il tuo anello | Anelli fidanzamento<\/title>\n<meta name=\"robots\" content=\"index, follow, max-snippet:-1, max-image-preview:large, max-video-preview:-1\" \/>\n<link rel=\"canonical\" href=\"https:\/\/anelli3.italix.org\/en\/anelli-di-fidanzamento-artigianali\/04-come-funziona\/\" \/>\n<meta name=\"twitter:label1\" content=\"Est. reading time\" \/>\n\t<meta name=\"twitter:data1\" content=\"1 minute\" \/>\n<script type=\"application\/ld+json\" class=\"yoast-schema-graph\">{\"@context\":\"https:\/\/schema.org\",\"@graph\":[{\"@type\":\"WebPage\",\"@id\":\"https:\/\/anelli3.italix.org\/anelli-di-fidanzamento-artigianali\/04-come-funziona\/\",\"url\":\"https:\/\/anelli3.italix.org\/anelli-di-fidanzamento-artigianali\/04-come-funziona\/\",\"name\":\"04. come nasce il tuo anello | Anelli fidanzamento\",\"isPartOf\":{\"@id\":\"https:\/\/anelli3.italix.org\/#website\"},\"primaryImageOfPage\":{\"@id\":\"https:\/\/anelli3.italix.org\/anelli-di-fidanzamento-artigianali\/04-come-funziona\/#primaryimage\"},\"image\":{\"@id\":\"https:\/\/anelli3.italix.org\/anelli-di-fidanzamento-artigianali\/04-come-funziona\/#primaryimage\"},\"thumbnailUrl\":\"https:\/\/anelli3.italix.org\/wp-content\/uploads\/2014\/06\/Processo-di-creazione-anello-di-fidanzamento1.png\",\"datePublished\":\"2018-09-04T16:48:18+00:00\",\"dateModified\":\"2018-11-17T10:53:21+00:00\",\"breadcrumb\":{\"@id\":\"https:\/\/anelli3.italix.org\/anelli-di-fidanzamento-artigianali\/04-come-funziona\/#breadcrumb\"},\"inLanguage\":\"en-GB\",\"potentialAction\":[{\"@type\":\"ReadAction\",\"target\":[\"https:\/\/anelli3.italix.org\/anelli-di-fidanzamento-artigianali\/04-come-funziona\/\"]}]},{\"@type\":\"ImageObject\",\"inLanguage\":\"en-GB\",\"@id\":\"https:\/\/anelli3.italix.org\/anelli-di-fidanzamento-artigianali\/04-come-funziona\/#primaryimage\",\"url\":\"https:\/\/anelli3.italix.org\/wp-content\/uploads\/2014\/06\/Processo-di-creazione-anello-di-fidanzamento1.png\",\"contentUrl\":\"https:\/\/anelli3.italix.org\/wp-content\/uploads\/2014\/06\/Processo-di-creazione-anello-di-fidanzamento1.png\"},{\"@type\":\"BreadcrumbList\",\"@id\":\"https:\/\/anelli3.italix.org\/anelli-di-fidanzamento-artigianali\/04-come-funziona\/#breadcrumb\",\"itemListElement\":[{\"@type\":\"ListItem\",\"position\":1,\"name\":\"Home\",\"item\":\"https:\/\/anelli3.italix.org\/new-home\/\"},{\"@type\":\"ListItem\",\"position\":2,\"name\":\"Anelli di fidanzamento artigianali\",\"item\":\"https:\/\/anelli3.italix.org\/anelli-di-fidanzamento-artigianali\/\"},{\"@type\":\"ListItem\",\"position\":3,\"name\":\"04. come nasce il tuo anello\"}]},{\"@type\":\"WebSite\",\"@id\":\"https:\/\/anelli3.italix.org\/#website\",\"url\":\"https:\/\/anelli3.italix.org\/\",\"name\":\"Anelli Fidanzamento\",\"description\":\"\",\"publisher\":{\"@id\":\"https:\/\/anelli3.italix.org\/#organization\"},\"potentialAction\":[{\"@type\":\"SearchAction\",\"target\":{\"@type\":\"EntryPoint\",\"urlTemplate\":\"https:\/\/anelli3.italix.org\/?s={search_term_string}\"},\"query-input\":\"required name=search_term_string\"}],\"inLanguage\":\"en-GB\"},{\"@type\":\"Organization\",\"@id\":\"https:\/\/anelli3.italix.org\/#organization\",\"name\":\"Anelli di Eva Franceschini\",\"url\":\"https:\/\/anelli3.italix.org\/\",\"logo\":{\"@type\":\"ImageObject\",\"inLanguage\":\"en-GB\",\"@id\":\"https:\/\/anelli3.italix.org\/#\/schema\/logo\/image\/\",\"url\":\"https:\/\/anelli3.italix.org\/wp-content\/uploads\/2024\/06\/Logo-anelli-di-fidanzamento-personalizzati2.png\",\"contentUrl\":\"https:\/\/anelli3.italix.org\/wp-content\/uploads\/2024\/06\/Logo-anelli-di-fidanzamento-personalizzati2.png\",\"width\":289,\"height\":149,\"caption\":\"Anelli di Eva Franceschini\"},\"image\":{\"@id\":\"https:\/\/anelli3.italix.org\/#\/schema\/logo\/image\/\"},\"sameAs\":[\"https:\/\/www.facebook.com\/anellifidanzamento\",\"https:\/\/www.instagram.com\/anellifidanzamento\"]}]}<\/script>\n<!-- \/ Yoast SEO plugin. -->","yoast_head_json":{"title":"04. come nasce il tuo anello | Anelli fidanzamento","robots":{"index":"index","follow":"follow","max-snippet":"max-snippet:-1","max-image-preview":"max-image-preview:large","max-video-preview":"max-video-preview:-1"},"canonical":"https:\/\/anelli3.italix.org\/en\/anelli-di-fidanzamento-artigianali\/04-come-funziona\/","twitter_misc":{"Est. reading time":"1 minute"},"schema":{"@context":"https:\/\/schema.org","@graph":[{"@type":"WebPage","@id":"https:\/\/anelli3.italix.org\/anelli-di-fidanzamento-artigianali\/04-come-funziona\/","url":"https:\/\/anelli3.italix.org\/anelli-di-fidanzamento-artigianali\/04-come-funziona\/","name":"04. come nasce il tuo anello | Anelli fidanzamento","isPartOf":{"@id":"https:\/\/anelli3.italix.org\/#website"},"primaryImageOfPage":{"@id":"https:\/\/anelli3.italix.org\/anelli-di-fidanzamento-artigianali\/04-come-funziona\/#primaryimage"},"image":{"@id":"https:\/\/anelli3.italix.org\/anelli-di-fidanzamento-artigianali\/04-come-funziona\/#primaryimage"},"thumbnailUrl":"https:\/\/anelli3.italix.org\/wp-content\/uploads\/2014\/06\/Processo-di-creazione-anello-di-fidanzamento1.png","datePublished":"2018-09-04T16:48:18+00:00","dateModified":"2018-11-17T10:53:21+00:00","breadcrumb":{"@id":"https:\/\/anelli3.italix.org\/anelli-di-fidanzamento-artigianali\/04-come-funziona\/#breadcrumb"},"inLanguage":"en-GB","potentialAction":[{"@type":"ReadAction","target":["https:\/\/anelli3.italix.org\/anelli-di-fidanzamento-artigianali\/04-come-funziona\/"]}]},{"@type":"ImageObject","inLanguage":"en-GB","@id":"https:\/\/anelli3.italix.org\/anelli-di-fidanzamento-artigianali\/04-come-funziona\/#primaryimage","url":"https:\/\/anelli3.italix.org\/wp-content\/uploads\/2014\/06\/Processo-di-creazione-anello-di-fidanzamento1.png","contentUrl":"https:\/\/anelli3.italix.org\/wp-content\/uploads\/2014\/06\/Processo-di-creazione-anello-di-fidanzamento1.png"},{"@type":"BreadcrumbList","@id":"https:\/\/anelli3.italix.org\/anelli-di-fidanzamento-artigianali\/04-come-funziona\/#breadcrumb","itemListElement":[{"@type":"ListItem","position":1,"name":"Home","item":"https:\/\/anelli3.italix.org\/new-home\/"},{"@type":"ListItem","position":2,"name":"Anelli di fidanzamento artigianali","item":"https:\/\/anelli3.italix.org\/anelli-di-fidanzamento-artigianali\/"},{"@type":"ListItem","position":3,"name":"04. come nasce il tuo anello"}]},{"@type":"WebSite","@id":"https:\/\/anelli3.italix.org\/#website","url":"https:\/\/anelli3.italix.org\/","name":"Engagement Rings","description":"","publisher":{"@id":"https:\/\/anelli3.italix.org\/#organization"},"potentialAction":[{"@type":"SearchAction","target":{"@type":"EntryPoint","urlTemplate":"https:\/\/anelli3.italix.org\/?s={search_term_string}"},"query-input":"required name=search_term_string"}],"inLanguage":"en-GB"},{"@type":"Organization","@id":"https:\/\/anelli3.italix.org\/#organization","name":"Eva Franceschini's Rings","url":"https:\/\/anelli3.italix.org\/","logo":{"@type":"ImageObject","inLanguage":"en-GB","@id":"https:\/\/anelli3.italix.org\/#\/schema\/logo\/image\/","url":"https:\/\/anelli3.italix.org\/wp-content\/uploads\/2024\/06\/Logo-anelli-di-fidanzamento-personalizzati2.png","contentUrl":"https:\/\/anelli3.italix.org\/wp-content\/uploads\/2024\/06\/Logo-anelli-di-fidanzamento-personalizzati2.png","width":289,"height":149,"caption":"Anelli di Eva Franceschini"},"image":{"@id":"https:\/\/anelli3.italix.org\/#\/schema\/logo\/image\/"},"sameAs":["https:\/\/www.facebook.com\/anellifidanzamento","https:\/\/www.instagram.com\/anellifidanzamento"]}]}},"uagb_featured_image_src":{"full":false,"thumbnail":false,"medium":false,"medium_large":false,"large":false,"1536x1536":false,"2048x2048":false,"trp-custom-language-flag":false,"rta_thumb_center_center_540x540":false,"rta_thumb_center_center_420x420":false,"post-thumbnail-big":false,"portfolio-one-half":false,"portfolio-one-third":false,"portfolio-one-fourth":false,"square-960":false,"square-thumbnail":false,"ngfb-opengraph":false,"ngfb-pinterest":false,"ngfb-buffer":false,"ngfb-tumblr":false},"uagb_author_info":{"display_name":"Amministratore Anelli","author_link":"https:\/\/anelli3.italix.org\/en\/author\/adminanell1\/"},"uagb_comment_info":0,"uagb_excerpt":"COME NASCE IL TUO ANELLO Questo \u00e8 il procedimento che io seguo quando devo creare completamente a mano il tuo anello di fidanzamento artigianale, etico e personalizzato. Per realizzare un bozzetto su carta del tuo anello artigianale dovrai raccontarmi alcuni dettagli&#8230; come vi siete conosciuti, dove amate andare in vacanza, i vostri hobby, cosa vi&hellip;","_links":{"self":[{"href":"https:\/\/anelli3.italix.org\/en\/wp-json\/wp\/v2\/pages\/4197","targetHints":{"allow":["GET"]}}],"collection":[{"href":"https:\/\/anelli3.italix.org\/en\/wp-json\/wp\/v2\/pages"}],"about":[{"href":"https:\/\/anelli3.italix.org\/en\/wp-json\/wp\/v2\/types\/page"}],"author":[{"embeddable":true,"href":"https:\/\/anelli3.italix.org\/en\/wp-json\/wp\/v2\/users\/6"}],"replies":[{"embeddable":true,"href":"https:\/\/anelli3.italix.org\/en\/wp-json\/wp\/v2\/comments?post=4197"}],"version-history":[{"count":32,"href":"https:\/\/anelli3.italix.org\/en\/wp-json\/wp\/v2\/pages\/4197\/revisions"}],"predecessor-version":[{"id":4628,"href":"https:\/\/anelli3.italix.org\/en\/wp-json\/wp\/v2\/pages\/4197\/revisions\/4628"}],"up":[{"embeddable":true,"href":"https:\/\/anelli3.italix.org\/en\/wp-json\/wp\/v2\/pages\/4189"}],"wp:attachment":[{"href":"https:\/\/anelli3.italix.org\/en\/wp-json\/wp\/v2\/media?parent=4197"}],"curies":[{"name":"wp","href":"https:\/\/api.w.org\/{rel}","templated":true}]}}