{"id":1859,"date":"2014-06-23T09:49:56","date_gmt":"2014-06-23T09:49:56","guid":{"rendered":"http:\/\/www.anelli-fidanzamento.com\/?page_id=1859"},"modified":"2026-01-21T16:00:49","modified_gmt":"2026-01-21T16:00:49","slug":"come-nasce-l-anello","status":"publish","type":"page","link":"https:\/\/anelli3.italix.org\/en\/come-nasce-l-anello\/","title":{"rendered":"Come nasce il tuo anello di fidanzamento artigianale"},"content":{"rendered":"<div class=\"addtoany_share_save_container addtoany_content_top\"><div class=\"addtoany_header\">Share the love:<\/div><div class=\"a2a_kit a2a_kit_size_32 addtoany_list\" data-a2a-url=\"https:\/\/anelli3.italix.org\/en\/come-nasce-l-anello\/\" data-a2a-title=\"Come nasce il tuo anello di fidanzamento artigianale\"><a class=\"a2a_button_facebook\" href=\"https:\/\/www.addtoany.com\/add_to\/facebook?linkurl=https%3A%2F%2Fanelli3.italix.org%2Fen%2Fcome-nasce-l-anello%2F&amp;linkname=Come%20nasce%20il%20tuo%20anello%20di%20fidanzamento%20artigianale\" title=\"Facebook\" rel=\"nofollow\" target=\"_blank\"><\/a><a class=\"a2a_button_twitter\" href=\"https:\/\/www.addtoany.com\/add_to\/twitter?linkurl=https%3A%2F%2Fanelli3.italix.org%2Fen%2Fcome-nasce-l-anello%2F&amp;linkname=Come%20nasce%20il%20tuo%20anello%20di%20fidanzamento%20artigianale\" title=\"Twitter\" rel=\"nofollow\" target=\"_blank\"><\/a><a class=\"a2a_button_google_plus\" href=\"https:\/\/www.addtoany.com\/add_to\/google_plus?linkurl=https%3A%2F%2Fanelli3.italix.org%2Fen%2Fcome-nasce-l-anello%2F&amp;linkname=Come%20nasce%20il%20tuo%20anello%20di%20fidanzamento%20artigianale\" title=\"Google+\" rel=\"nofollow\" target=\"_blank\"><\/a><a class=\"a2a_button_whatsapp\" href=\"https:\/\/www.addtoany.com\/add_to\/whatsapp?linkurl=https%3A%2F%2Fanelli3.italix.org%2Fen%2Fcome-nasce-l-anello%2F&amp;linkname=Come%20nasce%20il%20tuo%20anello%20di%20fidanzamento%20artigianale\" title=\"WhatsApp\" rel=\"nofollow\" target=\"_blank\"><\/a><a class=\"a2a_button_email\" href=\"https:\/\/www.addtoany.com\/add_to\/email?linkurl=https%3A%2F%2Fanelli3.italix.org%2Fen%2Fcome-nasce-l-anello%2F&amp;linkname=Come%20nasce%20il%20tuo%20anello%20di%20fidanzamento%20artigianale\" title=\"Email\" rel=\"nofollow\" target=\"_blank\"><\/a><a class=\"a2a_dd a2a_counter addtoany_share_save\" href=\"https:\/\/www.addtoany.com\/share\"><\/a><\/div><\/div><p><!--\n<img decoding=\"async\" class=\"aligncenter size-full wp-image-1860\" src=\"https:\/\/anelli3.italix.org\/wp-content\/uploads\/2014\/06\/Concept-anelli-etici-e-artigianali.png\" alt=\"Anelli fidanzamento artigianali, anelli fidanzamento etici, anelli fidanzamento personalizzati - Concept anelli etici e artigianali\" width=\"966\" height=\"256\" data-wp-pid=\"1860\" srcset=\"https:\/\/anelli3.italix.org\/wp-content\/uploads\/2014\/06\/Concept-anelli-etici-e-artigianali.png 966w, https:\/\/anelli3.italix.org\/wp-content\/uploads\/2014\/06\/Concept-anelli-etici-e-artigianali-300x79.png 300w, https:\/\/anelli3.italix.org\/wp-content\/uploads\/2014\/06\/Concept-anelli-etici-e-artigianali-800x212.png 800w\" sizes=\"(max-width: 966px) 100vw, 966px\" \/>\n--><\/p>\n<div style=\"text-align: center; font-size: 170%; font-family: montserrat; letter-spacing: 2px; line-height: 130%;\">Cos\u00ec nasce un anello di fidanzamento unico, prezioso, eterno<\/div>\n<div class=\"one_half\">\n<div style=\"padding: 50px 0px 0px 0px; text-align: justify; font-family: montserrat; font-weight: normal;\">Tutte le mie creazioni nascono all\u2019interno di una precisa visione etica.<br \/>\nProgetto personalmente ogni gioiello e lo <a href=\"https:\/\/anelli3.italix.org\/en\/come-nascono-gli-anelli-di-fidanzamento-artigianali-di-eva\/\">realizzo con le mie mani<\/a>: ognuno \u00e8<strong> artigianale<\/strong>, prodotto singolarmente, non in serie, per cui <strong>unico e irripetibile.<br \/>\n<\/strong>Uso solo <a href=\"https:\/\/anelli3.italix.org\/en\/category\/diamanti-etici\/\">diamanti<\/a> <strong>etici canadesi certificati<\/strong>, perch\u00e9 voglio che i miei anelli simboleggino un amore straordinario ma anche il rispetto per l\u2019ambiente e per l\u2019essere umano.<\/div>\n<\/div>\n<div class=\"one_half last\">\n<div style=\"padding: 50px 0px 0px 0px; text-align: justify; font-family: montserrat; font-weight: normal;\">Desidero che ogni anello rispecchi chi lo porter\u00e0 al dito, per questo costruisco una <a href=\"https:\/\/anelli3.italix.org\/en\/personalizzare-gioielli-servono-i-vostri-racconti\/\">relazione diretta con il cliente<\/a> coinvolgendolo nell\u2019esperienza creativa e trasformando il mio laboratorio in un luogo di scambio e condivisione. Per creare un <strong>anello di fidanzamento personalizzato<\/strong> ho bisogno che chi lo commissiona mi racconti qualcosa della persona che lo indosser\u00e0, in questo modo il gioiello restituir\u00e0 nel linguaggio creativo le forme e le immagini che il racconto mi evoca. <strong>\u00c8 cos\u00ec che l\u2019anello di fidanzamento artigianale prende vita!<\/strong><\/div>\n<\/div><div class=\"clear\"><\/div>\n<p><img decoding=\"async\" class=\"aligncenter size-full wp-image-1881\" src=\"https:\/\/anelli3.italix.org\/wp-content\/uploads\/2014\/06\/separatore-lampadina.png\" alt=\"separatore-lampadina\" width=\"940\" height=\"51\" data-wp-pid=\"1881\" srcset=\"https:\/\/anelli3.italix.org\/wp-content\/uploads\/2014\/06\/separatore-lampadina.png 940w, https:\/\/anelli3.italix.org\/wp-content\/uploads\/2014\/06\/separatore-lampadina-300x16.png 300w, https:\/\/anelli3.italix.org\/wp-content\/uploads\/2014\/06\/separatore-lampadina-800x43.png 800w\" sizes=\"(max-width: 940px) 100vw, 940px\" \/><\/p>\n<div style=\"padding: 0px 0px 50px 0px; text-align: center; font-size: 170%; font-family: montserrat; letter-spacing: 2px; line-height: 130%;\">IL PROCESSO DI CREAZIONE<\/div>\n<div class=\"dm-video-1859\"><iframe class=\"dm-iframe-1859\" style=\"border: none; overflow: hidden;\" src=\"https:\/\/www.facebook.com\/plugins\/video.php?href=https%3A%2F%2Fwww.facebook.com%2Fanellifidanzamento%2Fvideos%2F1127320643958053%2F&amp;show_text=0&amp;width=560\" width=\"560\" frameborder=\"0\" scrolling=\"no\" allowfullscreen=\"allowfullscreen\"><\/iframe><\/div>\n<p><img decoding=\"async\" class=\"aligncenter size-full wp-image-1958\" src=\"https:\/\/anelli3.italix.org\/wp-content\/uploads\/2014\/06\/Processo-di-creazione-anello-di-fidanzamento1.png\" alt=\"Processo-di-creazione-anello-di-fidanzamento\" width=\"1158\" height=\"300\" data-wp-pid=\"1958\" srcset=\"https:\/\/anelli3.italix.org\/wp-content\/uploads\/2014\/06\/Processo-di-creazione-anello-di-fidanzamento1.png 1158w, https:\/\/anelli3.italix.org\/wp-content\/uploads\/2014\/06\/Processo-di-creazione-anello-di-fidanzamento1-300x77.png 300w, https:\/\/anelli3.italix.org\/wp-content\/uploads\/2014\/06\/Processo-di-creazione-anello-di-fidanzamento1-1024x265.png 1024w, https:\/\/anelli3.italix.org\/wp-content\/uploads\/2014\/06\/Processo-di-creazione-anello-di-fidanzamento1-800x207.png 800w\" sizes=\"(max-width: 1158px) 100vw, 1158px\" \/><\/p>\n<h4 style=\"padding: 30px 0px 0px 0px; text-align: justify; font-family: montserrat; font-weight: normal;\">1. CREAZIONE DEL BOZZETTO del TUO ANELLO<\/h4>\n<p>Questa \u00e8 la fase pi\u00f9 divertente. Consiste nel buttare gi\u00f9 idee, forme e suggestioni sul foglio bianco. Tu racconti, <a href=\"https:\/\/anelli3.italix.org\/en\/bozzetto-anello-di-fidanzamento-bicolore\/\">io disegno<\/a> e scarabocchio: \u00e8 il momento della condivisione. Quando capisco che un\u2019idea ti piace inizio con le modifiche e i dettagli, finch\u00e9 insieme non troviamo la <a href=\"https:\/\/anelli3.italix.org\/en\/quale-forma-scegliere-per-lanello\/\">forma giusta<\/a>.<\/p>\n<h4 style=\"padding: 30px 0px 0px 0px; text-align: justify; font-family: montserrat; font-weight: normal;\">2. LA LASTRA D&#8217;ORO PRENDE FORMA<\/h4>\n<p>Dopo aver calcolato gli spessori necessari per la creazione dell\u2019anello, <a href=\"https:\/\/anelli3.italix.org\/en\/fusione-artigianale\/\">fondo l\u2019oro<\/a> nel crogiuolo, lo lamino o trafilo a mano, quindi inizio a dare forma alla lastra o ai fili. A volte questo \u00e8 un passaggio faticoso, mi aiuto con pinze, martelli, piccole incudini\u2026 e alla fine il risultato d\u00e0 molta soddisfazione.<\/p>\n<h4 style=\"padding: 30px 0px 0px 0px; text-align: justify; font-family: montserrat; font-weight: normal;\">3. SALDATURA A FUOCO<\/h4>\n<p>Saldo i miei gioielli a fuoco col cannello a bocca. Questo strumento \u00e8 ormai caduto in disuso, soppiantato da saldatrici elettriche o laser, ma io lo preferisco perch\u00e9 mi permette di avere il totale e diretto controllo della fiamma, anche se a volte richiede polmoni vigorosi!<\/p>\n<h4 style=\"padding: 30px 0px 0px 0px; text-align: justify; font-family: montserrat; font-weight: normal;\">4. INCASTONATURA DELLA PIETRA PREZIOSA<\/h4>\n<p>Il passaggio che precede la finitura ultima \u00e8 l\u2019incastonatura, ovvero il posizionamento della pietra sull\u2019anello. Per questa delicatissima fase ogni orafo artigiano ha il suo incastonatore di fiducia, \u00e8 lui che prepara la sede della pietra scavando con fresa e bulino e infine ribatte il metallo sulla pietra per trattenerla.<\/p>\n<h4 style=\"padding: 30px 0px 0px 0px; text-align: justify; font-family: montserrat; font-weight: normal;\">5. IL TUO ANELLO \u00e8 PRONTO!<\/h4>\n<p>L\u2019anello \u00e8 ultimato, custodito nella confezione regalo e accompagnato dalla garanzia della pietra preziosa. Adesso tocca a te!<\/p>\n<div style=\"padding: 60px 0px 60px 0px; text-align: center; font-size: 230%; font-family: sacramento;\">Inviami la tua domanda o la tua richiesta, ti risponder\u00f2 al pi\u00f9 presto.<\/div>","protected":false},"excerpt":{"rendered":"<div class=\"addtoany_share_save_container addtoany_content_top\"><div class=\"addtoany_header\">Condividi l'amore:<\/div><div class=\"a2a_kit a2a_kit_size_32 addtoany_list\" data-a2a-url=\"https:\/\/anelli3.italix.org\/en\/come-nasce-l-anello\/\" data-a2a-title=\"Come nasce il tuo anello di fidanzamento artigianale\"><a class=\"a2a_button_facebook\" href=\"https:\/\/www.addtoany.com\/add_to\/facebook?linkurl=https%3A%2F%2Fanelli3.italix.org%2Fen%2Fcome-nasce-l-anello%2F&amp;linkname=Come%20nasce%20il%20tuo%20anello%20di%20fidanzamento%20artigianale\" title=\"Facebook\" rel=\"nofollow\" target=\"_blank\"><\/a><a class=\"a2a_button_twitter\" href=\"https:\/\/www.addtoany.com\/add_to\/twitter?linkurl=https%3A%2F%2Fanelli3.italix.org%2Fen%2Fcome-nasce-l-anello%2F&amp;linkname=Come%20nasce%20il%20tuo%20anello%20di%20fidanzamento%20artigianale\" title=\"Twitter\" rel=\"nofollow\" target=\"_blank\"><\/a><a class=\"a2a_button_google_plus\" href=\"https:\/\/www.addtoany.com\/add_to\/google_plus?linkurl=https%3A%2F%2Fanelli3.italix.org%2Fen%2Fcome-nasce-l-anello%2F&amp;linkname=Come%20nasce%20il%20tuo%20anello%20di%20fidanzamento%20artigianale\" title=\"Google+\" rel=\"nofollow\" target=\"_blank\"><\/a><a class=\"a2a_button_whatsapp\" href=\"https:\/\/www.addtoany.com\/add_to\/whatsapp?linkurl=https%3A%2F%2Fanelli3.italix.org%2Fen%2Fcome-nasce-l-anello%2F&amp;linkname=Come%20nasce%20il%20tuo%20anello%20di%20fidanzamento%20artigianale\" title=\"WhatsApp\" rel=\"nofollow\" target=\"_blank\"><\/a><a class=\"a2a_button_email\" href=\"https:\/\/www.addtoany.com\/add_to\/email?linkurl=https%3A%2F%2Fanelli3.italix.org%2Fen%2Fcome-nasce-l-anello%2F&amp;linkname=Come%20nasce%20il%20tuo%20anello%20di%20fidanzamento%20artigianale\" title=\"Email\" rel=\"nofollow\" target=\"_blank\"><\/a><a class=\"a2a_dd a2a_counter addtoany_share_save\" href=\"https:\/\/www.addtoany.com\/share\"><\/a><\/div><\/div><p>Cos\u00ec nasce un anello di fidanzamento unico, prezioso, eterno IL PROCESSO DI CREAZIONE 1. CREAZIONE DEL BOZZETTO del TUO ANELLO Questa \u00e8 la fase pi\u00f9 divertente. Consiste nel buttare gi\u00f9 idee, forme e suggestioni sul foglio bianco. Tu racconti, io disegno e scarabocchio: \u00e8 il momento della condivisione. Quando capisco che un\u2019idea ti piace inizio [&hellip;]<\/p>\n","protected":false},"author":2,"featured_media":1860,"parent":0,"menu_order":0,"comment_status":"closed","ping_status":"open","template":"","meta":{"_uag_custom_page_level_css":"","footnotes":""},"class_list":["post-1859","page","type-page","status-publish","has-post-thumbnail","hentry"],"yoast_head":"<!-- This site is optimized with the Yoast SEO plugin v22.9 - https:\/\/yoast.com\/wordpress\/plugins\/seo\/ -->\n<title>Come nascono gli anelli di fidanzamento artigianali - etici - personalizzati.<\/title>\n<meta name=\"description\" content=\"Come nasce un anello? Creare un anello personalizzato comporta un processo creativo importante. Qui ti mostro come nasce, ogni anello, in ogni suo dettaglio.\" \/>\n<meta name=\"robots\" content=\"index, follow, max-snippet:-1, max-image-preview:large, max-video-preview:-1\" \/>\n<link rel=\"canonical\" href=\"https:\/\/anelli3.italix.org\/en\/come-nasce-l-anello\/\" \/>\n<meta name=\"twitter:label1\" content=\"Est. reading time\" \/>\n\t<meta name=\"twitter:data1\" content=\"2 minutes\" \/>\n<script type=\"application\/ld+json\" class=\"yoast-schema-graph\">{\"@context\":\"https:\/\/schema.org\",\"@graph\":[{\"@type\":\"WebPage\",\"@id\":\"https:\/\/anelli3.italix.org\/come-nasce-l-anello\/\",\"url\":\"https:\/\/anelli3.italix.org\/come-nasce-l-anello\/\",\"name\":\"Come nascono gli anelli di fidanzamento artigianali - etici - personalizzati.\",\"isPartOf\":{\"@id\":\"https:\/\/anelli3.italix.org\/#website\"},\"primaryImageOfPage\":{\"@id\":\"https:\/\/anelli3.italix.org\/come-nasce-l-anello\/#primaryimage\"},\"image\":{\"@id\":\"https:\/\/anelli3.italix.org\/come-nasce-l-anello\/#primaryimage\"},\"thumbnailUrl\":\"https:\/\/anelli3.italix.org\/wp-content\/uploads\/2014\/06\/Concept-anelli-etici-e-artigianali.png\",\"datePublished\":\"2014-06-23T09:49:56+00:00\",\"dateModified\":\"2026-01-21T16:00:49+00:00\",\"description\":\"Come nasce un anello? Creare un anello personalizzato comporta un processo creativo importante. Qui ti mostro come nasce, ogni anello, in ogni suo dettaglio.\",\"breadcrumb\":{\"@id\":\"https:\/\/anelli3.italix.org\/come-nasce-l-anello\/#breadcrumb\"},\"inLanguage\":\"en-GB\",\"potentialAction\":[{\"@type\":\"ReadAction\",\"target\":[\"https:\/\/anelli3.italix.org\/come-nasce-l-anello\/\"]}]},{\"@type\":\"ImageObject\",\"inLanguage\":\"en-GB\",\"@id\":\"https:\/\/anelli3.italix.org\/come-nasce-l-anello\/#primaryimage\",\"url\":\"https:\/\/anelli3.italix.org\/wp-content\/uploads\/2014\/06\/Concept-anelli-etici-e-artigianali.png\",\"contentUrl\":\"https:\/\/anelli3.italix.org\/wp-content\/uploads\/2014\/06\/Concept-anelli-etici-e-artigianali.png\",\"width\":966,\"height\":256},{\"@type\":\"BreadcrumbList\",\"@id\":\"https:\/\/anelli3.italix.org\/come-nasce-l-anello\/#breadcrumb\",\"itemListElement\":[{\"@type\":\"ListItem\",\"position\":1,\"name\":\"Home\",\"item\":\"https:\/\/anelli3.italix.org\/new-home\/\"},{\"@type\":\"ListItem\",\"position\":2,\"name\":\"Come nasce il tuo anello di fidanzamento artigianale\"}]},{\"@type\":\"WebSite\",\"@id\":\"https:\/\/anelli3.italix.org\/#website\",\"url\":\"https:\/\/anelli3.italix.org\/\",\"name\":\"Anelli Fidanzamento\",\"description\":\"\",\"publisher\":{\"@id\":\"https:\/\/anelli3.italix.org\/#organization\"},\"potentialAction\":[{\"@type\":\"SearchAction\",\"target\":{\"@type\":\"EntryPoint\",\"urlTemplate\":\"https:\/\/anelli3.italix.org\/?s={search_term_string}\"},\"query-input\":\"required name=search_term_string\"}],\"inLanguage\":\"en-GB\"},{\"@type\":\"Organization\",\"@id\":\"https:\/\/anelli3.italix.org\/#organization\",\"name\":\"Anelli di Eva Franceschini\",\"url\":\"https:\/\/anelli3.italix.org\/\",\"logo\":{\"@type\":\"ImageObject\",\"inLanguage\":\"en-GB\",\"@id\":\"https:\/\/anelli3.italix.org\/#\/schema\/logo\/image\/\",\"url\":\"https:\/\/anelli3.italix.org\/wp-content\/uploads\/2024\/06\/Logo-anelli-di-fidanzamento-personalizzati2.png\",\"contentUrl\":\"https:\/\/anelli3.italix.org\/wp-content\/uploads\/2024\/06\/Logo-anelli-di-fidanzamento-personalizzati2.png\",\"width\":289,\"height\":149,\"caption\":\"Anelli di Eva Franceschini\"},\"image\":{\"@id\":\"https:\/\/anelli3.italix.org\/#\/schema\/logo\/image\/\"},\"sameAs\":[\"https:\/\/www.facebook.com\/anellifidanzamento\",\"https:\/\/www.instagram.com\/anellifidanzamento\"]}]}<\/script>\n<!-- \/ Yoast SEO plugin. -->","yoast_head_json":{"title":"Come nascono gli anelli di fidanzamento artigianali - etici - personalizzati.","description":"Come nasce un anello? Creare un anello personalizzato comporta un processo creativo importante. Qui ti mostro come nasce, ogni anello, in ogni suo dettaglio.","robots":{"index":"index","follow":"follow","max-snippet":"max-snippet:-1","max-image-preview":"max-image-preview:large","max-video-preview":"max-video-preview:-1"},"canonical":"https:\/\/anelli3.italix.org\/en\/come-nasce-l-anello\/","twitter_misc":{"Est. reading time":"2 minutes"},"schema":{"@context":"https:\/\/schema.org","@graph":[{"@type":"WebPage","@id":"https:\/\/anelli3.italix.org\/come-nasce-l-anello\/","url":"https:\/\/anelli3.italix.org\/come-nasce-l-anello\/","name":"Come nascono gli anelli di fidanzamento artigianali - etici - personalizzati.","isPartOf":{"@id":"https:\/\/anelli3.italix.org\/#website"},"primaryImageOfPage":{"@id":"https:\/\/anelli3.italix.org\/come-nasce-l-anello\/#primaryimage"},"image":{"@id":"https:\/\/anelli3.italix.org\/come-nasce-l-anello\/#primaryimage"},"thumbnailUrl":"https:\/\/anelli3.italix.org\/wp-content\/uploads\/2014\/06\/Concept-anelli-etici-e-artigianali.png","datePublished":"2014-06-23T09:49:56+00:00","dateModified":"2026-01-21T16:00:49+00:00","description":"Come nasce un anello? Creare un anello personalizzato comporta un processo creativo importante. Qui ti mostro come nasce, ogni anello, in ogni suo dettaglio.","breadcrumb":{"@id":"https:\/\/anelli3.italix.org\/come-nasce-l-anello\/#breadcrumb"},"inLanguage":"en-GB","potentialAction":[{"@type":"ReadAction","target":["https:\/\/anelli3.italix.org\/come-nasce-l-anello\/"]}]},{"@type":"ImageObject","inLanguage":"en-GB","@id":"https:\/\/anelli3.italix.org\/come-nasce-l-anello\/#primaryimage","url":"https:\/\/anelli3.italix.org\/wp-content\/uploads\/2014\/06\/Concept-anelli-etici-e-artigianali.png","contentUrl":"https:\/\/anelli3.italix.org\/wp-content\/uploads\/2014\/06\/Concept-anelli-etici-e-artigianali.png","width":966,"height":256},{"@type":"BreadcrumbList","@id":"https:\/\/anelli3.italix.org\/come-nasce-l-anello\/#breadcrumb","itemListElement":[{"@type":"ListItem","position":1,"name":"Home","item":"https:\/\/anelli3.italix.org\/new-home\/"},{"@type":"ListItem","position":2,"name":"Come nasce il tuo anello di fidanzamento artigianale"}]},{"@type":"WebSite","@id":"https:\/\/anelli3.italix.org\/#website","url":"https:\/\/anelli3.italix.org\/","name":"Engagement Rings","description":"","publisher":{"@id":"https:\/\/anelli3.italix.org\/#organization"},"potentialAction":[{"@type":"SearchAction","target":{"@type":"EntryPoint","urlTemplate":"https:\/\/anelli3.italix.org\/?s={search_term_string}"},"query-input":"required name=search_term_string"}],"inLanguage":"en-GB"},{"@type":"Organization","@id":"https:\/\/anelli3.italix.org\/#organization","name":"Eva Franceschini's Rings","url":"https:\/\/anelli3.italix.org\/","logo":{"@type":"ImageObject","inLanguage":"en-GB","@id":"https:\/\/anelli3.italix.org\/#\/schema\/logo\/image\/","url":"https:\/\/anelli3.italix.org\/wp-content\/uploads\/2024\/06\/Logo-anelli-di-fidanzamento-personalizzati2.png","contentUrl":"https:\/\/anelli3.italix.org\/wp-content\/uploads\/2024\/06\/Logo-anelli-di-fidanzamento-personalizzati2.png","width":289,"height":149,"caption":"Anelli di Eva Franceschini"},"image":{"@id":"https:\/\/anelli3.italix.org\/#\/schema\/logo\/image\/"},"sameAs":["https:\/\/www.facebook.com\/anellifidanzamento","https:\/\/www.instagram.com\/anellifidanzamento"]}]}},"uagb_featured_image_src":{"full":["https:\/\/anelli3.italix.org\/wp-content\/uploads\/2014\/06\/Concept-anelli-etici-e-artigianali.png",966,256,false],"thumbnail":["https:\/\/anelli3.italix.org\/wp-content\/uploads\/2014\/06\/Concept-anelli-etici-e-artigianali-150x150.png",150,150,true],"medium":["https:\/\/anelli3.italix.org\/wp-content\/uploads\/2014\/06\/Concept-anelli-etici-e-artigianali-300x79.png",300,79,true],"medium_large":["https:\/\/anelli3.italix.org\/wp-content\/uploads\/2014\/06\/Concept-anelli-etici-e-artigianali.png",768,204,false],"large":["https:\/\/anelli3.italix.org\/wp-content\/uploads\/2014\/06\/Concept-anelli-etici-e-artigianali.png",940,249,false],"1536x1536":["https:\/\/anelli3.italix.org\/wp-content\/uploads\/2014\/06\/Concept-anelli-etici-e-artigianali.png",966,256,false],"2048x2048":["https:\/\/anelli3.italix.org\/wp-content\/uploads\/2014\/06\/Concept-anelli-etici-e-artigianali.png",966,256,false],"trp-custom-language-flag":["https:\/\/anelli3.italix.org\/wp-content\/uploads\/2014\/06\/Concept-anelli-etici-e-artigianali.png",18,5,false],"rta_thumb_center_center_540x540":["https:\/\/anelli3.italix.org\/wp-content\/uploads\/2014\/06\/Concept-anelli-etici-e-artigianali-540x256.png",540,256,true],"rta_thumb_center_center_420x420":["https:\/\/anelli3.italix.org\/wp-content\/uploads\/2014\/06\/Concept-anelli-etici-e-artigianali-420x256.png",420,256,true],"post-thumbnail-big":["https:\/\/anelli3.italix.org\/wp-content\/uploads\/2014\/06\/Concept-anelli-etici-e-artigianali-568x256.png",568,256,true],"portfolio-one-half":["https:\/\/anelli3.italix.org\/wp-content\/uploads\/2014\/06\/Concept-anelli-etici-e-artigianali-526x256.png",526,256,true],"portfolio-one-third":["https:\/\/anelli3.italix.org\/wp-content\/uploads\/2014\/06\/Concept-anelli-etici-e-artigianali-338x250.png",338,250,true],"portfolio-one-fourth":["https:\/\/anelli3.italix.org\/wp-content\/uploads\/2014\/06\/Concept-anelli-etici-e-artigianali-244x180.png",244,180,true],"square-960":["https:\/\/anelli3.italix.org\/wp-content\/uploads\/2014\/06\/Concept-anelli-etici-e-artigianali.png",960,254,false],"square-thumbnail":["https:\/\/anelli3.italix.org\/wp-content\/uploads\/2014\/06\/Concept-anelli-etici-e-artigianali.png",500,133,false],"ngfb-opengraph":["https:\/\/anelli3.italix.org\/wp-content\/uploads\/2014\/06\/Concept-anelli-etici-e-artigianali-200x200.png",200,200,true],"ngfb-pinterest":["https:\/\/anelli3.italix.org\/wp-content\/uploads\/2014\/06\/Concept-anelli-etici-e-artigianali-800x212.png",800,212,true],"ngfb-buffer":["https:\/\/anelli3.italix.org\/wp-content\/uploads\/2014\/06\/Concept-anelli-etici-e-artigianali-800x256.png",800,256,true],"ngfb-tumblr":["https:\/\/anelli3.italix.org\/wp-content\/uploads\/2014\/06\/Concept-anelli-etici-e-artigianali-800x212.png",800,212,true]},"uagb_author_info":{"display_name":"Eva","author_link":"https:\/\/anelli3.italix.org\/en\/author\/evafranceschini\/"},"uagb_comment_info":27,"uagb_excerpt":"Cos\u00ec nasce un anello di fidanzamento unico, prezioso, eterno IL PROCESSO DI CREAZIONE 1. CREAZIONE DEL BOZZETTO del TUO ANELLO Questa \u00e8 la fase pi\u00f9 divertente. Consiste nel buttare gi\u00f9 idee, forme e suggestioni sul foglio bianco. Tu racconti, io disegno e scarabocchio: \u00e8 il momento della condivisione. Quando capisco che un\u2019idea ti piace inizio&hellip;","_links":{"self":[{"href":"https:\/\/anelli3.italix.org\/en\/wp-json\/wp\/v2\/pages\/1859","targetHints":{"allow":["GET"]}}],"collection":[{"href":"https:\/\/anelli3.italix.org\/en\/wp-json\/wp\/v2\/pages"}],"about":[{"href":"https:\/\/anelli3.italix.org\/en\/wp-json\/wp\/v2\/types\/page"}],"author":[{"embeddable":true,"href":"https:\/\/anelli3.italix.org\/en\/wp-json\/wp\/v2\/users\/2"}],"replies":[{"embeddable":true,"href":"https:\/\/anelli3.italix.org\/en\/wp-json\/wp\/v2\/comments?post=1859"}],"version-history":[{"count":15,"href":"https:\/\/anelli3.italix.org\/en\/wp-json\/wp\/v2\/pages\/1859\/revisions"}],"predecessor-version":[{"id":8912,"href":"https:\/\/anelli3.italix.org\/en\/wp-json\/wp\/v2\/pages\/1859\/revisions\/8912"}],"wp:featuredmedia":[{"embeddable":true,"href":"https:\/\/anelli3.italix.org\/en\/wp-json\/wp\/v2\/media\/1860"}],"wp:attachment":[{"href":"https:\/\/anelli3.italix.org\/en\/wp-json\/wp\/v2\/media?parent=1859"}],"curies":[{"name":"wp","href":"https:\/\/api.w.org\/{rel}","templated":true}]}}