{"id":16,"date":"2010-08-05T08:54:23","date_gmt":"2010-08-05T08:54:23","guid":{"rendered":"http:\/\/www.anelli-fidanzamento.com\/"},"modified":"2026-01-22T00:36:22","modified_gmt":"2026-01-22T00:36:22","slug":"chi-sono","status":"publish","type":"page","link":"https:\/\/anelli3.italix.org\/en\/chi-sono\/","title":{"rendered":"Chi sono"},"content":{"rendered":"<div class=\"addtoany_share_save_container addtoany_content_top\"><div class=\"addtoany_header\">Share the love:<\/div><div class=\"a2a_kit a2a_kit_size_32 addtoany_list\" data-a2a-url=\"https:\/\/anelli3.italix.org\/en\/chi-sono\/\" data-a2a-title=\"Chi sono\"><a class=\"a2a_button_facebook\" href=\"https:\/\/www.addtoany.com\/add_to\/facebook?linkurl=https%3A%2F%2Fanelli3.italix.org%2Fen%2Fchi-sono%2F&amp;linkname=Chi%20sono\" title=\"Facebook\" rel=\"nofollow\" target=\"_blank\"><\/a><a class=\"a2a_button_twitter\" href=\"https:\/\/www.addtoany.com\/add_to\/twitter?linkurl=https%3A%2F%2Fanelli3.italix.org%2Fen%2Fchi-sono%2F&amp;linkname=Chi%20sono\" title=\"Twitter\" rel=\"nofollow\" target=\"_blank\"><\/a><a class=\"a2a_button_google_plus\" href=\"https:\/\/www.addtoany.com\/add_to\/google_plus?linkurl=https%3A%2F%2Fanelli3.italix.org%2Fen%2Fchi-sono%2F&amp;linkname=Chi%20sono\" title=\"Google+\" rel=\"nofollow\" target=\"_blank\"><\/a><a class=\"a2a_button_whatsapp\" href=\"https:\/\/www.addtoany.com\/add_to\/whatsapp?linkurl=https%3A%2F%2Fanelli3.italix.org%2Fen%2Fchi-sono%2F&amp;linkname=Chi%20sono\" title=\"WhatsApp\" rel=\"nofollow\" target=\"_blank\"><\/a><a class=\"a2a_button_email\" href=\"https:\/\/www.addtoany.com\/add_to\/email?linkurl=https%3A%2F%2Fanelli3.italix.org%2Fen%2Fchi-sono%2F&amp;linkname=Chi%20sono\" title=\"Email\" rel=\"nofollow\" target=\"_blank\"><\/a><a class=\"a2a_dd a2a_counter addtoany_share_save\" href=\"https:\/\/www.addtoany.com\/share\"><\/a><\/div><\/div><style>.page-featured-image {display:none !important;}<\/style>\n<p><img decoding=\"async\" class=\"aligncenter size-full wp-image-2099\" src=\"https:\/\/anelli3.italix.org\/wp-content\/uploads\/2010\/08\/anelli-fidanzamento-eva-021.jpg\" alt=\"anelli-fidanzamento-eva-02\" width=\"1090\" height=\"253\" data-wp-pid=\"2099\" srcset=\"https:\/\/anelli3.italix.org\/wp-content\/uploads\/2010\/08\/anelli-fidanzamento-eva-021.jpg 1090w, https:\/\/anelli3.italix.org\/wp-content\/uploads\/2010\/08\/anelli-fidanzamento-eva-021-300x69.jpg 300w, https:\/\/anelli3.italix.org\/wp-content\/uploads\/2010\/08\/anelli-fidanzamento-eva-021-1024x237.jpg 1024w, https:\/\/anelli3.italix.org\/wp-content\/uploads\/2010\/08\/anelli-fidanzamento-eva-021-800x185.jpg 800w\" sizes=\"(max-width: 1090px) 100vw, 1090px\" \/><\/p>\n<div style=\"text-align: right;\">Foto: Ermannno Friso<\/div>\n<div style=\"padding: 20px 0px 0px 0px; font-family: Montserrat;\"><strong>Io sono Eva, orafa artigiana creativa, specializzata nella <a href=\"https:\/\/anelli3.italix.org\/en\/mai-piu-anelli-senza-anima\/\">realizzazione di anelli e fedi<\/a> completamente fatti a mano.\u00a0<\/strong>Non mi piacciono gli anelli in serie, non ho un catalogo e non faccio copie di gioielli famosi.<br \/>\nSono una perfezionista, anche se i miei anelli non sono assolutamente perfetti poich\u00e9 sono creati totalmente con le mie mani.<strong>Mi piace dedicare il giusto tempo ad ogni mia creazione.<\/strong> Tutto ci\u00f2 che creo cerco di esprimerlo con passione e dedizione. Per questo mi piace incontrare il mio \u201ccliente\u201d, voglio guardarlo negli occhi per cercare di capire ci\u00f2 che vuole esprimere attraverso il metallo.\u00a0<strong><a href=\"https:\/\/anelli3.italix.org\/en\/il-laboratorio-dei-sogni-di-eva\/\">Quando entri nel mio laboratorio<\/a> partecipi attivamente alla creazione del tuo anello fatto su misura, \u00e8 un\u2019esperienza concreta, emozionante e unica!<\/strong>Un anello di fidanzamento e una fede nuziale le indosseremo giorno dopo giorno, ci accompagneranno per tutta la vita e mi piace che questi anelli raccontino un po\u2019 di ci\u00f2 che siamo. Anche con un solo sguardo <strong>l\u2019anello personalizzato deve emozionare, parlare e raccontare una storia.<\/strong>Si inizia con foglio e matita, a volte tutto quel bianco spaventa un po\u2019; ma io ti guido, <strong>trasformo le tue parole, i dettagli e gli indizi che mi fornisci, in forme tridimensionali.<\/strong>Spesso ci si lascia ispirare da una foto, da una passione o da un oggetto legato alla persona a cui verr\u00e0 donato l\u2019anello\u2026<br \/>\nLa fase di creazione \u00e8 quella pi\u00f9 magica, da cui inizia la storia del tuo anello, \u00e8 un flusso di idee che attraversa la matita e si codifica in forma e colore.<\/div>\n<div style=\"text-align: center; padding: 10px 0px 30px 0px; font-family: Sacramento; font-size: 42px;\">La mia storia<\/div>\n<p><img decoding=\"async\" class=\"aligncenter size-full wp-image-2097\" src=\"https:\/\/anelli3.italix.org\/wp-content\/uploads\/2010\/08\/anelli-fidanzamento-eva-01.jpg\" alt=\"anelli-fidanzamento-eva-01\" width=\"1090\" height=\"243\" data-wp-pid=\"2097\" srcset=\"https:\/\/anelli3.italix.org\/wp-content\/uploads\/2010\/08\/anelli-fidanzamento-eva-01.jpg 1090w, https:\/\/anelli3.italix.org\/wp-content\/uploads\/2010\/08\/anelli-fidanzamento-eva-01-300x66.jpg 300w, https:\/\/anelli3.italix.org\/wp-content\/uploads\/2010\/08\/anelli-fidanzamento-eva-01-1024x228.jpg 1024w, https:\/\/anelli3.italix.org\/wp-content\/uploads\/2010\/08\/anelli-fidanzamento-eva-01-800x178.jpg 800w\" sizes=\"(max-width: 1090px) 100vw, 1090px\" \/><\/p>\n<div style=\"text-align: right;\">Foto: Ermannno Friso<\/div>\n<div style=\"padding: 20px 0px 0px 0px; font-family: Montserrat;\">\n<p>Sono diventata Maestro d\u2019Arte in Scultura all\u2019Istituto d\u2019Arte Pietro Selvatico di Padova ho imparato a progettare oggetti tridimensionali, disegnare dal vero, lavorare creta e gesso, scolpire marmo, pietra e legno&#8230;ed anche a creare maschere in cuoio per la Commedia dell\u2019Arte, grazie all\u2019ineguagliabile maestria della Famiglia Sartori.<\/p>\n<p>Ho iniziato poi a frequentare un corso di laurea in Chimica del Restauro alla C\u00e0 Foscari di Venezia, ma accorgendomi che la spinta creativa stava per esplodermi dentro, ho iniziato a creare gioielli con materiali poveri ma ispiratori, il bottone in vetro della nonna, un pizzo vecchio, qualche perla veneziana, conchiglie e vetri del mare&#8230;riuscivo ad incastrare qualunque cosa nei fili di alpaca.<\/p>\n<p>Mentre cercavo un corso di oreficeria per affinare la tecnica ho conosciuto la mia Maestra Orafa Lucia Davanzo, a sua volta allieva di Francesco Pavan.<br \/>\nQuesti anni sono passati ricchi di emozioni e di duro impegno, lavorando per concorsi, selezioni e mostre\u2026ricordo in particolare: The Game Show, 2006; Lucca Preziosa Young 2008; Fiera di Arte padova 2011; 3650 &#8211; Feminine at dawn, 2011; Il riscatto dello Scarto, 2012; Bella Gioia! Italian Contemporary Jewelry, 2013; Gioielli in fermento 2013; Concorso nazionale di moda etica 2013; Intrecci, trafori e gioielli veri tutti d\u2019oro, d\u2019argento e\u2026 polimeri, 2013;\u00a0Gioielli in fermento 2015; LOOT &#8211; mad about jewelry, 2015; Bolle d&#8217;autunno: manualit\u00e0 d&#8217;autore, 2016.<\/p>\n<p><a title=\"contatta Eva per un anello di fidanzamento personalizzato\" href=\"https:\/\/anelli3.italix.org\/en\/contatta-eva\/\" target=\"_blank\" rel=\"noopener\">Contattami direttamente<\/a> per ogni domanda o per una richiesta personalizzata!<br \/>\nEva Franceschini<\/p>\n<\/div>","protected":false},"excerpt":{"rendered":"<div class=\"addtoany_share_save_container addtoany_content_top\"><div class=\"addtoany_header\">Condividi l'amore:<\/div><div class=\"a2a_kit a2a_kit_size_32 addtoany_list\" data-a2a-url=\"https:\/\/anelli3.italix.org\/en\/chi-sono\/\" data-a2a-title=\"Chi sono\"><a class=\"a2a_button_facebook\" href=\"https:\/\/www.addtoany.com\/add_to\/facebook?linkurl=https%3A%2F%2Fanelli3.italix.org%2Fen%2Fchi-sono%2F&amp;linkname=Chi%20sono\" title=\"Facebook\" rel=\"nofollow\" target=\"_blank\"><\/a><a class=\"a2a_button_twitter\" href=\"https:\/\/www.addtoany.com\/add_to\/twitter?linkurl=https%3A%2F%2Fanelli3.italix.org%2Fen%2Fchi-sono%2F&amp;linkname=Chi%20sono\" title=\"Twitter\" rel=\"nofollow\" target=\"_blank\"><\/a><a class=\"a2a_button_google_plus\" href=\"https:\/\/www.addtoany.com\/add_to\/google_plus?linkurl=https%3A%2F%2Fanelli3.italix.org%2Fen%2Fchi-sono%2F&amp;linkname=Chi%20sono\" title=\"Google+\" rel=\"nofollow\" target=\"_blank\"><\/a><a class=\"a2a_button_whatsapp\" href=\"https:\/\/www.addtoany.com\/add_to\/whatsapp?linkurl=https%3A%2F%2Fanelli3.italix.org%2Fen%2Fchi-sono%2F&amp;linkname=Chi%20sono\" title=\"WhatsApp\" rel=\"nofollow\" target=\"_blank\"><\/a><a class=\"a2a_button_email\" href=\"https:\/\/www.addtoany.com\/add_to\/email?linkurl=https%3A%2F%2Fanelli3.italix.org%2Fen%2Fchi-sono%2F&amp;linkname=Chi%20sono\" title=\"Email\" rel=\"nofollow\" target=\"_blank\"><\/a><a class=\"a2a_dd a2a_counter addtoany_share_save\" href=\"https:\/\/www.addtoany.com\/share\"><\/a><\/div><\/div><p>Foto: Ermannno Friso Io sono Eva, orafa artigiana creativa, specializzata nella realizzazione di anelli e fedi completamente fatti a mano.\u00a0Non mi piacciono gli anelli in serie, non ho un catalogo e non faccio copie di gioielli famosi. Sono una perfezionista, anche se i miei anelli non sono assolutamente perfetti poich\u00e9 sono creati totalmente con le [&hellip;]<\/p>\n","protected":false},"author":2,"featured_media":71,"parent":0,"menu_order":1,"comment_status":"closed","ping_status":"closed","template":"","meta":{"_uag_custom_page_level_css":"","footnotes":""},"class_list":["post-16","page","type-page","status-publish","has-post-thumbnail","hentry"],"yoast_head":"<!-- This site is optimized with the Yoast SEO plugin v22.9 - https:\/\/yoast.com\/wordpress\/plugins\/seo\/ -->\n<title>Eva Franceschini - Chi sono.<\/title>\n<meta name=\"description\" content=\"Sono Eva Franceschini, orafa artigiana creativa, creo anelli e fedi completamente fatti a mano.\u00a0Ogni mio anello \u00e8 unico e racconta una storia.\" \/>\n<meta name=\"robots\" content=\"index, follow, max-snippet:-1, max-image-preview:large, max-video-preview:-1\" \/>\n<link rel=\"canonical\" href=\"https:\/\/anelli3.italix.org\/en\/chi-sono\/\" \/>\n<meta name=\"twitter:label1\" content=\"Est. reading time\" \/>\n\t<meta name=\"twitter:data1\" content=\"4 minutes\" \/>\n<script type=\"application\/ld+json\" class=\"yoast-schema-graph\">{\"@context\":\"https:\/\/schema.org\",\"@graph\":[{\"@type\":\"WebPage\",\"@id\":\"https:\/\/anelli3.italix.org\/chi-sono\/\",\"url\":\"https:\/\/anelli3.italix.org\/chi-sono\/\",\"name\":\"Eva Franceschini - Chi sono.\",\"isPartOf\":{\"@id\":\"https:\/\/anelli3.italix.org\/#website\"},\"primaryImageOfPage\":{\"@id\":\"https:\/\/anelli3.italix.org\/chi-sono\/#primaryimage\"},\"image\":{\"@id\":\"https:\/\/anelli3.italix.org\/chi-sono\/#primaryimage\"},\"thumbnailUrl\":\"https:\/\/anelli3.italix.org\/wp-content\/uploads\/2010\/08\/eva_franceschini.png\",\"datePublished\":\"2010-08-05T08:54:23+00:00\",\"dateModified\":\"2026-01-22T00:36:22+00:00\",\"description\":\"Sono Eva Franceschini, orafa artigiana creativa, creo anelli e fedi completamente fatti a mano.\u00a0Ogni mio anello \u00e8 unico e racconta una storia.\",\"breadcrumb\":{\"@id\":\"https:\/\/anelli3.italix.org\/chi-sono\/#breadcrumb\"},\"inLanguage\":\"en-GB\",\"potentialAction\":[{\"@type\":\"ReadAction\",\"target\":[\"https:\/\/anelli3.italix.org\/chi-sono\/\"]}]},{\"@type\":\"ImageObject\",\"inLanguage\":\"en-GB\",\"@id\":\"https:\/\/anelli3.italix.org\/chi-sono\/#primaryimage\",\"url\":\"https:\/\/anelli3.italix.org\/wp-content\/uploads\/2010\/08\/eva_franceschini.png\",\"contentUrl\":\"https:\/\/anelli3.italix.org\/wp-content\/uploads\/2010\/08\/eva_franceschini.png\",\"width\":150,\"height\":225,\"caption\":\"eva franceschini\"},{\"@type\":\"BreadcrumbList\",\"@id\":\"https:\/\/anelli3.italix.org\/chi-sono\/#breadcrumb\",\"itemListElement\":[{\"@type\":\"ListItem\",\"position\":1,\"name\":\"Home\",\"item\":\"https:\/\/anelli3.italix.org\/new-home\/\"},{\"@type\":\"ListItem\",\"position\":2,\"name\":\"Chi sono\"}]},{\"@type\":\"WebSite\",\"@id\":\"https:\/\/anelli3.italix.org\/#website\",\"url\":\"https:\/\/anelli3.italix.org\/\",\"name\":\"Anelli Fidanzamento\",\"description\":\"\",\"publisher\":{\"@id\":\"https:\/\/anelli3.italix.org\/#organization\"},\"potentialAction\":[{\"@type\":\"SearchAction\",\"target\":{\"@type\":\"EntryPoint\",\"urlTemplate\":\"https:\/\/anelli3.italix.org\/?s={search_term_string}\"},\"query-input\":\"required name=search_term_string\"}],\"inLanguage\":\"en-GB\"},{\"@type\":\"Organization\",\"@id\":\"https:\/\/anelli3.italix.org\/#organization\",\"name\":\"Anelli di Eva Franceschini\",\"url\":\"https:\/\/anelli3.italix.org\/\",\"logo\":{\"@type\":\"ImageObject\",\"inLanguage\":\"en-GB\",\"@id\":\"https:\/\/anelli3.italix.org\/#\/schema\/logo\/image\/\",\"url\":\"https:\/\/anelli3.italix.org\/wp-content\/uploads\/2024\/06\/Logo-anelli-di-fidanzamento-personalizzati2.png\",\"contentUrl\":\"https:\/\/anelli3.italix.org\/wp-content\/uploads\/2024\/06\/Logo-anelli-di-fidanzamento-personalizzati2.png\",\"width\":289,\"height\":149,\"caption\":\"Anelli di Eva Franceschini\"},\"image\":{\"@id\":\"https:\/\/anelli3.italix.org\/#\/schema\/logo\/image\/\"},\"sameAs\":[\"https:\/\/www.facebook.com\/anellifidanzamento\",\"https:\/\/www.instagram.com\/anellifidanzamento\"]}]}<\/script>\n<!-- \/ Yoast SEO plugin. -->","yoast_head_json":{"title":"Eva Franceschini - Chi sono.","description":"Sono Eva Franceschini, orafa artigiana creativa, creo anelli e fedi completamente fatti a mano.\u00a0Ogni mio anello \u00e8 unico e racconta una storia.","robots":{"index":"index","follow":"follow","max-snippet":"max-snippet:-1","max-image-preview":"max-image-preview:large","max-video-preview":"max-video-preview:-1"},"canonical":"https:\/\/anelli3.italix.org\/en\/chi-sono\/","twitter_misc":{"Est. reading time":"4 minutes"},"schema":{"@context":"https:\/\/schema.org","@graph":[{"@type":"WebPage","@id":"https:\/\/anelli3.italix.org\/chi-sono\/","url":"https:\/\/anelli3.italix.org\/chi-sono\/","name":"Eva Franceschini - Chi sono.","isPartOf":{"@id":"https:\/\/anelli3.italix.org\/#website"},"primaryImageOfPage":{"@id":"https:\/\/anelli3.italix.org\/chi-sono\/#primaryimage"},"image":{"@id":"https:\/\/anelli3.italix.org\/chi-sono\/#primaryimage"},"thumbnailUrl":"https:\/\/anelli3.italix.org\/wp-content\/uploads\/2010\/08\/eva_franceschini.png","datePublished":"2010-08-05T08:54:23+00:00","dateModified":"2026-01-22T00:36:22+00:00","description":"Sono Eva Franceschini, orafa artigiana creativa, creo anelli e fedi completamente fatti a mano.\u00a0Ogni mio anello \u00e8 unico e racconta una storia.","breadcrumb":{"@id":"https:\/\/anelli3.italix.org\/chi-sono\/#breadcrumb"},"inLanguage":"en-GB","potentialAction":[{"@type":"ReadAction","target":["https:\/\/anelli3.italix.org\/chi-sono\/"]}]},{"@type":"ImageObject","inLanguage":"en-GB","@id":"https:\/\/anelli3.italix.org\/chi-sono\/#primaryimage","url":"https:\/\/anelli3.italix.org\/wp-content\/uploads\/2010\/08\/eva_franceschini.png","contentUrl":"https:\/\/anelli3.italix.org\/wp-content\/uploads\/2010\/08\/eva_franceschini.png","width":150,"height":225,"caption":"eva franceschini"},{"@type":"BreadcrumbList","@id":"https:\/\/anelli3.italix.org\/chi-sono\/#breadcrumb","itemListElement":[{"@type":"ListItem","position":1,"name":"Home","item":"https:\/\/anelli3.italix.org\/new-home\/"},{"@type":"ListItem","position":2,"name":"Chi sono"}]},{"@type":"WebSite","@id":"https:\/\/anelli3.italix.org\/#website","url":"https:\/\/anelli3.italix.org\/","name":"Engagement Rings","description":"","publisher":{"@id":"https:\/\/anelli3.italix.org\/#organization"},"potentialAction":[{"@type":"SearchAction","target":{"@type":"EntryPoint","urlTemplate":"https:\/\/anelli3.italix.org\/?s={search_term_string}"},"query-input":"required name=search_term_string"}],"inLanguage":"en-GB"},{"@type":"Organization","@id":"https:\/\/anelli3.italix.org\/#organization","name":"Eva Franceschini's Rings","url":"https:\/\/anelli3.italix.org\/","logo":{"@type":"ImageObject","inLanguage":"en-GB","@id":"https:\/\/anelli3.italix.org\/#\/schema\/logo\/image\/","url":"https:\/\/anelli3.italix.org\/wp-content\/uploads\/2024\/06\/Logo-anelli-di-fidanzamento-personalizzati2.png","contentUrl":"https:\/\/anelli3.italix.org\/wp-content\/uploads\/2024\/06\/Logo-anelli-di-fidanzamento-personalizzati2.png","width":289,"height":149,"caption":"Anelli di Eva Franceschini"},"image":{"@id":"https:\/\/anelli3.italix.org\/#\/schema\/logo\/image\/"},"sameAs":["https:\/\/www.facebook.com\/anellifidanzamento","https:\/\/www.instagram.com\/anellifidanzamento"]}]}},"uagb_featured_image_src":{"full":["https:\/\/anelli3.italix.org\/wp-content\/uploads\/2010\/08\/eva_franceschini.png",150,225,false],"thumbnail":["https:\/\/anelli3.italix.org\/wp-content\/uploads\/2010\/08\/eva_franceschini-150x150.png",150,150,true],"medium":["https:\/\/anelli3.italix.org\/wp-content\/uploads\/2010\/08\/eva_franceschini.png",150,225,false],"medium_large":["https:\/\/anelli3.italix.org\/wp-content\/uploads\/2010\/08\/eva_franceschini.png",150,225,false],"large":["https:\/\/anelli3.italix.org\/wp-content\/uploads\/2010\/08\/eva_franceschini.png",150,225,false],"1536x1536":["https:\/\/anelli3.italix.org\/wp-content\/uploads\/2010\/08\/eva_franceschini.png",150,225,false],"2048x2048":["https:\/\/anelli3.italix.org\/wp-content\/uploads\/2010\/08\/eva_franceschini.png",150,225,false],"trp-custom-language-flag":["https:\/\/anelli3.italix.org\/wp-content\/uploads\/2010\/08\/eva_franceschini.png",8,12,false],"rta_thumb_center_center_540x540":["https:\/\/anelli3.italix.org\/wp-content\/uploads\/2010\/08\/eva_franceschini.png",150,225,false],"rta_thumb_center_center_420x420":["https:\/\/anelli3.italix.org\/wp-content\/uploads\/2010\/08\/eva_franceschini.png",150,225,false],"post-thumbnail-big":["https:\/\/anelli3.italix.org\/wp-content\/uploads\/2010\/08\/eva_franceschini.png",150,225,false],"portfolio-one-half":["https:\/\/anelli3.italix.org\/wp-content\/uploads\/2010\/08\/eva_franceschini.png",150,225,false],"portfolio-one-third":["https:\/\/anelli3.italix.org\/wp-content\/uploads\/2010\/08\/eva_franceschini.png",150,225,false],"portfolio-one-fourth":["https:\/\/anelli3.italix.org\/wp-content\/uploads\/2010\/08\/eva_franceschini.png",120,180,false],"square-960":["https:\/\/anelli3.italix.org\/wp-content\/uploads\/2010\/08\/eva_franceschini.png",150,225,false],"square-thumbnail":["https:\/\/anelli3.italix.org\/wp-content\/uploads\/2010\/08\/eva_franceschini.png",150,225,false],"ngfb-opengraph":["https:\/\/anelli3.italix.org\/wp-content\/uploads\/2010\/08\/eva_franceschini-150x200.png",150,200,true],"ngfb-pinterest":["https:\/\/anelli3.italix.org\/wp-content\/uploads\/2010\/08\/eva_franceschini.png",150,225,false],"ngfb-buffer":["https:\/\/anelli3.italix.org\/wp-content\/uploads\/2010\/08\/eva_franceschini.png",150,225,false],"ngfb-tumblr":["https:\/\/anelli3.italix.org\/wp-content\/uploads\/2010\/08\/eva_franceschini.png",150,225,false]},"uagb_author_info":{"display_name":"Eva","author_link":"https:\/\/anelli3.italix.org\/en\/author\/evafranceschini\/"},"uagb_comment_info":0,"uagb_excerpt":"Foto: Ermannno Friso Io sono Eva, orafa artigiana creativa, specializzata nella realizzazione di anelli e fedi completamente fatti a mano.\u00a0Non mi piacciono gli anelli in serie, non ho un catalogo e non faccio copie di gioielli famosi. Sono una perfezionista, anche se i miei anelli non sono assolutamente perfetti poich\u00e9 sono creati totalmente con le&hellip;","_links":{"self":[{"href":"https:\/\/anelli3.italix.org\/en\/wp-json\/wp\/v2\/pages\/16","targetHints":{"allow":["GET"]}}],"collection":[{"href":"https:\/\/anelli3.italix.org\/en\/wp-json\/wp\/v2\/pages"}],"about":[{"href":"https:\/\/anelli3.italix.org\/en\/wp-json\/wp\/v2\/types\/page"}],"author":[{"embeddable":true,"href":"https:\/\/anelli3.italix.org\/en\/wp-json\/wp\/v2\/users\/2"}],"replies":[{"embeddable":true,"href":"https:\/\/anelli3.italix.org\/en\/wp-json\/wp\/v2\/comments?post=16"}],"version-history":[{"count":9,"href":"https:\/\/anelli3.italix.org\/en\/wp-json\/wp\/v2\/pages\/16\/revisions"}],"predecessor-version":[{"id":8914,"href":"https:\/\/anelli3.italix.org\/en\/wp-json\/wp\/v2\/pages\/16\/revisions\/8914"}],"wp:featuredmedia":[{"embeddable":true,"href":"https:\/\/anelli3.italix.org\/en\/wp-json\/wp\/v2\/media\/71"}],"wp:attachment":[{"href":"https:\/\/anelli3.italix.org\/en\/wp-json\/wp\/v2\/media?parent=16"}],"curies":[{"name":"wp","href":"https:\/\/api.w.org\/{rel}","templated":true}]}}