{"id":11,"date":"2010-08-05T08:53:20","date_gmt":"2010-08-05T08:53:20","guid":{"rendered":"http:\/\/www.anelli-fidanzamento.com\/"},"modified":"2020-06-09T14:03:35","modified_gmt":"2020-06-09T14:03:35","slug":"contatta-eva","status":"publish","type":"page","link":"https:\/\/anelli3.italix.org\/en\/contatta-eva\/","title":{"rendered":"Contact me"},"content":{"rendered":"<div class=\"addtoany_share_save_container addtoany_content_top\"><div class=\"addtoany_header\">Share the love:<\/div><div class=\"a2a_kit a2a_kit_size_32 addtoany_list\" data-a2a-url=\"https:\/\/anelli3.italix.org\/en\/contatta-eva\/\" data-a2a-title=\"Contattami\"><a class=\"a2a_button_facebook\" href=\"https:\/\/www.addtoany.com\/add_to\/facebook?linkurl=https%3A%2F%2Fanelli3.italix.org%2Fen%2Fcontatta-eva%2F&amp;linkname=Contattami\" title=\"Facebook\" rel=\"nofollow\" target=\"_blank\"><\/a><a class=\"a2a_button_twitter\" href=\"https:\/\/www.addtoany.com\/add_to\/twitter?linkurl=https%3A%2F%2Fanelli3.italix.org%2Fen%2Fcontatta-eva%2F&amp;linkname=Contattami\" title=\"Twitter\" rel=\"nofollow\" target=\"_blank\"><\/a><a class=\"a2a_button_google_plus\" href=\"https:\/\/www.addtoany.com\/add_to\/google_plus?linkurl=https%3A%2F%2Fanelli3.italix.org%2Fen%2Fcontatta-eva%2F&amp;linkname=Contattami\" title=\"Google+\" rel=\"nofollow\" target=\"_blank\"><\/a><a class=\"a2a_button_whatsapp\" href=\"https:\/\/www.addtoany.com\/add_to\/whatsapp?linkurl=https%3A%2F%2Fanelli3.italix.org%2Fen%2Fcontatta-eva%2F&amp;linkname=Contattami\" title=\"WhatsApp\" rel=\"nofollow\" target=\"_blank\"><\/a><a class=\"a2a_button_email\" href=\"https:\/\/www.addtoany.com\/add_to\/email?linkurl=https%3A%2F%2Fanelli3.italix.org%2Fen%2Fcontatta-eva%2F&amp;linkname=Contattami\" title=\"Email\" rel=\"nofollow\" target=\"_blank\"><\/a><a class=\"a2a_dd a2a_counter addtoany_share_save\" href=\"https:\/\/www.addtoany.com\/share\"><\/a><\/div><\/div><p><img decoding=\"async\" class=\"aligncenter size-full wp-image-2344\" src=\"https:\/\/anelli3.italix.org\/wp-content\/uploads\/2010\/08\/anelli-fidanzamento-eva-franceschini-contattami.jpg\" alt=\"anelli-fidanzamento-eva-franceschini\" width=\"1090\" height=\"261\" data-wp-pid=\"2344\" srcset=\"https:\/\/anelli3.italix.org\/wp-content\/uploads\/2010\/08\/anelli-fidanzamento-eva-franceschini-contattami.jpg 1090w, https:\/\/anelli3.italix.org\/wp-content\/uploads\/2010\/08\/anelli-fidanzamento-eva-franceschini-contattami-300x71.jpg 300w, https:\/\/anelli3.italix.org\/wp-content\/uploads\/2010\/08\/anelli-fidanzamento-eva-franceschini-contattami-1024x245.jpg 1024w, https:\/\/anelli3.italix.org\/wp-content\/uploads\/2010\/08\/anelli-fidanzamento-eva-franceschini-contattami-800x191.jpg 800w\" sizes=\"(max-width: 1090px) 100vw, 1090px\" \/><\/p>\n<div style=\"text-align: justify; font-family: Montserrat;\">\n<p>Se desideri un <strong>anello di fidanzamento completamente fatto a mano<\/strong> e <strong>personalizzato<\/strong>, un originale <strong>solitario etico<\/strong>, un <strong>anello trilogy<\/strong> oppure <strong>fedine<\/strong> o <strong>fedi nuziali<\/strong> per coronare un sogno d\u2019amore, io posso realizzare il tuo desiderio. Progetter\u00f2 insieme a te l\u2019anello simbolo del tuo legame, lo forger\u00f2 e rifinir\u00f2 perch\u00e9 possa celebrare il meraviglioso giorno del tuo fidanzamento o del tuo matrimonio.Se, come me, non ti accontenti di quello che \u00e8 esposto nelle vetrine e vuoi un anello non solo <strong>personalizzato<\/strong> ma anche <strong>etico<\/strong>, contattami senza esitare, perch\u00e9 ho scelto di creare gioielli pensati esclusivamente per la persona che li indosser\u00e0 e di utilizzare solo <strong>diamanti etici liberi da conflitti<\/strong>. Quello che voglio \u00e8 creare gioielli che emozionano!<\/p>\n<p>I miei clienti mi contattano attraverso questo form che trovi in questa pagina. In seguito se ce ne saranno i presupposti potremo sentirci per telefono\/Skype\/email. E se vorrai incontrarmi dal vivo per definire quale gioiello meglio si adatta a te, potrai farlo sempre dopo aver compilato questo form, nelle seguenti citt\u00e0: Como , Milano, Padova.<\/p>\n<p><strong>Non contattarmi se<\/strong> hai fretta e vuoi un anello in 10 giorni, ho bisogno di almeno 6 settimane per realizzare il tuo anello.<\/p>\n<p><strong>Non contattarmi se<\/strong> vuoi chiedermi un catalogo, posso soltanto farti vedere le foto di anelli che ho gi\u00e0 realizzato. Queste foto ti possono servire solo come spunto per la creazione del tuo anello.<\/p>\n<p><strong>Non contattarmi se<\/strong> vuoi avere un anello identico ad uno che ho gi\u00e0 realizzato, oppure se vuoi una copia di un anello che hai visto altrove.<\/p>\n<p>Se dopo aver letto questa pagina hai domande o richieste da farmi, compila il form.<\/p>\n<\/div>","protected":false},"excerpt":{"rendered":"<div class=\"addtoany_share_save_container addtoany_content_top\"><div class=\"addtoany_header\">Condividi l'amore:<\/div><div class=\"a2a_kit a2a_kit_size_32 addtoany_list\" data-a2a-url=\"https:\/\/anelli3.italix.org\/en\/contatta-eva\/\" data-a2a-title=\"Contattami\"><a class=\"a2a_button_facebook\" href=\"https:\/\/www.addtoany.com\/add_to\/facebook?linkurl=https%3A%2F%2Fanelli3.italix.org%2Fen%2Fcontatta-eva%2F&amp;linkname=Contattami\" title=\"Facebook\" rel=\"nofollow\" target=\"_blank\"><\/a><a class=\"a2a_button_twitter\" href=\"https:\/\/www.addtoany.com\/add_to\/twitter?linkurl=https%3A%2F%2Fanelli3.italix.org%2Fen%2Fcontatta-eva%2F&amp;linkname=Contattami\" title=\"Twitter\" rel=\"nofollow\" target=\"_blank\"><\/a><a class=\"a2a_button_google_plus\" href=\"https:\/\/www.addtoany.com\/add_to\/google_plus?linkurl=https%3A%2F%2Fanelli3.italix.org%2Fen%2Fcontatta-eva%2F&amp;linkname=Contattami\" title=\"Google+\" rel=\"nofollow\" target=\"_blank\"><\/a><a class=\"a2a_button_whatsapp\" href=\"https:\/\/www.addtoany.com\/add_to\/whatsapp?linkurl=https%3A%2F%2Fanelli3.italix.org%2Fen%2Fcontatta-eva%2F&amp;linkname=Contattami\" title=\"WhatsApp\" rel=\"nofollow\" target=\"_blank\"><\/a><a class=\"a2a_button_email\" href=\"https:\/\/www.addtoany.com\/add_to\/email?linkurl=https%3A%2F%2Fanelli3.italix.org%2Fen%2Fcontatta-eva%2F&amp;linkname=Contattami\" title=\"Email\" rel=\"nofollow\" target=\"_blank\"><\/a><a class=\"a2a_dd a2a_counter addtoany_share_save\" href=\"https:\/\/www.addtoany.com\/share\"><\/a><\/div><\/div><p>Se desideri un anello di fidanzamento completamente fatto a mano e personalizzato, un originale solitario etico, un anello trilogy oppure fedine o fedi nuziali per coronare un sogno d\u2019amore, io posso realizzare il tuo desiderio. Progetter\u00f2 insieme a te l\u2019anello simbolo del tuo legame, lo forger\u00f2 e rifinir\u00f2 perch\u00e9 possa celebrare il meraviglioso giorno del [&hellip;]<\/p>\n","protected":false},"author":2,"featured_media":0,"parent":0,"menu_order":4,"comment_status":"closed","ping_status":"closed","template":"","meta":{"_uag_custom_page_level_css":"","footnotes":""},"class_list":["post-11","page","type-page","status-publish","hentry"],"yoast_head":"<!-- This site is optimized with the Yoast SEO plugin v22.9 - https:\/\/yoast.com\/wordpress\/plugins\/seo\/ -->\n<title>Contattami | Anelli fidanzamento<\/title>\n<meta name=\"robots\" content=\"index, follow, max-snippet:-1, max-image-preview:large, max-video-preview:-1\" \/>\n<link rel=\"canonical\" href=\"https:\/\/anelli3.italix.org\/en\/contatta-eva\/\" \/>\n<meta name=\"twitter:label1\" content=\"Est. reading time\" \/>\n\t<meta name=\"twitter:data1\" content=\"1 minute\" \/>\n<script type=\"application\/ld+json\" class=\"yoast-schema-graph\">{\"@context\":\"https:\/\/schema.org\",\"@graph\":[{\"@type\":\"WebPage\",\"@id\":\"https:\/\/anelli3.italix.org\/contatta-eva\/\",\"url\":\"https:\/\/anelli3.italix.org\/contatta-eva\/\",\"name\":\"Contattami | Anelli fidanzamento\",\"isPartOf\":{\"@id\":\"https:\/\/anelli3.italix.org\/#website\"},\"primaryImageOfPage\":{\"@id\":\"https:\/\/anelli3.italix.org\/contatta-eva\/#primaryimage\"},\"image\":{\"@id\":\"https:\/\/anelli3.italix.org\/contatta-eva\/#primaryimage\"},\"thumbnailUrl\":\"https:\/\/anelli3.italix.org\/wp-content\/uploads\/2010\/08\/anelli-fidanzamento-eva-franceschini-contattami.jpg\",\"datePublished\":\"2010-08-05T08:53:20+00:00\",\"dateModified\":\"2020-06-09T14:03:35+00:00\",\"breadcrumb\":{\"@id\":\"https:\/\/anelli3.italix.org\/contatta-eva\/#breadcrumb\"},\"inLanguage\":\"en-GB\",\"potentialAction\":[{\"@type\":\"ReadAction\",\"target\":[\"https:\/\/anelli3.italix.org\/contatta-eva\/\"]}]},{\"@type\":\"ImageObject\",\"inLanguage\":\"en-GB\",\"@id\":\"https:\/\/anelli3.italix.org\/contatta-eva\/#primaryimage\",\"url\":\"https:\/\/anelli3.italix.org\/wp-content\/uploads\/2010\/08\/anelli-fidanzamento-eva-franceschini-contattami.jpg\",\"contentUrl\":\"https:\/\/anelli3.italix.org\/wp-content\/uploads\/2010\/08\/anelli-fidanzamento-eva-franceschini-contattami.jpg\"},{\"@type\":\"BreadcrumbList\",\"@id\":\"https:\/\/anelli3.italix.org\/contatta-eva\/#breadcrumb\",\"itemListElement\":[{\"@type\":\"ListItem\",\"position\":1,\"name\":\"Home\",\"item\":\"https:\/\/anelli3.italix.org\/new-home\/\"},{\"@type\":\"ListItem\",\"position\":2,\"name\":\"Contattami\"}]},{\"@type\":\"WebSite\",\"@id\":\"https:\/\/anelli3.italix.org\/#website\",\"url\":\"https:\/\/anelli3.italix.org\/\",\"name\":\"Anelli Fidanzamento\",\"description\":\"\",\"publisher\":{\"@id\":\"https:\/\/anelli3.italix.org\/#organization\"},\"potentialAction\":[{\"@type\":\"SearchAction\",\"target\":{\"@type\":\"EntryPoint\",\"urlTemplate\":\"https:\/\/anelli3.italix.org\/?s={search_term_string}\"},\"query-input\":\"required name=search_term_string\"}],\"inLanguage\":\"en-GB\"},{\"@type\":\"Organization\",\"@id\":\"https:\/\/anelli3.italix.org\/#organization\",\"name\":\"Anelli di Eva Franceschini\",\"url\":\"https:\/\/anelli3.italix.org\/\",\"logo\":{\"@type\":\"ImageObject\",\"inLanguage\":\"en-GB\",\"@id\":\"https:\/\/anelli3.italix.org\/#\/schema\/logo\/image\/\",\"url\":\"https:\/\/anelli3.italix.org\/wp-content\/uploads\/2024\/06\/Logo-anelli-di-fidanzamento-personalizzati2.png\",\"contentUrl\":\"https:\/\/anelli3.italix.org\/wp-content\/uploads\/2024\/06\/Logo-anelli-di-fidanzamento-personalizzati2.png\",\"width\":289,\"height\":149,\"caption\":\"Anelli di Eva Franceschini\"},\"image\":{\"@id\":\"https:\/\/anelli3.italix.org\/#\/schema\/logo\/image\/\"},\"sameAs\":[\"https:\/\/www.facebook.com\/anellifidanzamento\",\"https:\/\/www.instagram.com\/anellifidanzamento\"]}]}<\/script>\n<!-- \/ Yoast SEO plugin. -->","yoast_head_json":{"title":"Contattami | Anelli fidanzamento","robots":{"index":"index","follow":"follow","max-snippet":"max-snippet:-1","max-image-preview":"max-image-preview:large","max-video-preview":"max-video-preview:-1"},"canonical":"https:\/\/anelli3.italix.org\/en\/contatta-eva\/","twitter_misc":{"Est. reading time":"1 minute"},"schema":{"@context":"https:\/\/schema.org","@graph":[{"@type":"WebPage","@id":"https:\/\/anelli3.italix.org\/contatta-eva\/","url":"https:\/\/anelli3.italix.org\/contatta-eva\/","name":"Contattami | Anelli fidanzamento","isPartOf":{"@id":"https:\/\/anelli3.italix.org\/#website"},"primaryImageOfPage":{"@id":"https:\/\/anelli3.italix.org\/contatta-eva\/#primaryimage"},"image":{"@id":"https:\/\/anelli3.italix.org\/contatta-eva\/#primaryimage"},"thumbnailUrl":"https:\/\/anelli3.italix.org\/wp-content\/uploads\/2010\/08\/anelli-fidanzamento-eva-franceschini-contattami.jpg","datePublished":"2010-08-05T08:53:20+00:00","dateModified":"2020-06-09T14:03:35+00:00","breadcrumb":{"@id":"https:\/\/anelli3.italix.org\/contatta-eva\/#breadcrumb"},"inLanguage":"en-GB","potentialAction":[{"@type":"ReadAction","target":["https:\/\/anelli3.italix.org\/contatta-eva\/"]}]},{"@type":"ImageObject","inLanguage":"en-GB","@id":"https:\/\/anelli3.italix.org\/contatta-eva\/#primaryimage","url":"https:\/\/anelli3.italix.org\/wp-content\/uploads\/2010\/08\/anelli-fidanzamento-eva-franceschini-contattami.jpg","contentUrl":"https:\/\/anelli3.italix.org\/wp-content\/uploads\/2010\/08\/anelli-fidanzamento-eva-franceschini-contattami.jpg"},{"@type":"BreadcrumbList","@id":"https:\/\/anelli3.italix.org\/contatta-eva\/#breadcrumb","itemListElement":[{"@type":"ListItem","position":1,"name":"Home","item":"https:\/\/anelli3.italix.org\/new-home\/"},{"@type":"ListItem","position":2,"name":"Contattami"}]},{"@type":"WebSite","@id":"https:\/\/anelli3.italix.org\/#website","url":"https:\/\/anelli3.italix.org\/","name":"Engagement Rings","description":"","publisher":{"@id":"https:\/\/anelli3.italix.org\/#organization"},"potentialAction":[{"@type":"SearchAction","target":{"@type":"EntryPoint","urlTemplate":"https:\/\/anelli3.italix.org\/?s={search_term_string}"},"query-input":"required name=search_term_string"}],"inLanguage":"en-GB"},{"@type":"Organization","@id":"https:\/\/anelli3.italix.org\/#organization","name":"Eva Franceschini's Rings","url":"https:\/\/anelli3.italix.org\/","logo":{"@type":"ImageObject","inLanguage":"en-GB","@id":"https:\/\/anelli3.italix.org\/#\/schema\/logo\/image\/","url":"https:\/\/anelli3.italix.org\/wp-content\/uploads\/2024\/06\/Logo-anelli-di-fidanzamento-personalizzati2.png","contentUrl":"https:\/\/anelli3.italix.org\/wp-content\/uploads\/2024\/06\/Logo-anelli-di-fidanzamento-personalizzati2.png","width":289,"height":149,"caption":"Anelli di Eva Franceschini"},"image":{"@id":"https:\/\/anelli3.italix.org\/#\/schema\/logo\/image\/"},"sameAs":["https:\/\/www.facebook.com\/anellifidanzamento","https:\/\/www.instagram.com\/anellifidanzamento"]}]}},"uagb_featured_image_src":{"full":false,"thumbnail":false,"medium":false,"medium_large":false,"large":false,"1536x1536":false,"2048x2048":false,"trp-custom-language-flag":false,"rta_thumb_center_center_540x540":false,"rta_thumb_center_center_420x420":false,"post-thumbnail-big":false,"portfolio-one-half":false,"portfolio-one-third":false,"portfolio-one-fourth":false,"square-960":false,"square-thumbnail":false,"ngfb-opengraph":false,"ngfb-pinterest":false,"ngfb-buffer":false,"ngfb-tumblr":false},"uagb_author_info":{"display_name":"Eva","author_link":"https:\/\/anelli3.italix.org\/en\/author\/evafranceschini\/"},"uagb_comment_info":0,"uagb_excerpt":"Se desideri un anello di fidanzamento completamente fatto a mano e personalizzato, un originale solitario etico, un anello trilogy oppure fedine o fedi nuziali per coronare un sogno d\u2019amore, io posso realizzare il tuo desiderio. Progetter\u00f2 insieme a te l\u2019anello simbolo del tuo legame, lo forger\u00f2 e rifinir\u00f2 perch\u00e9 possa celebrare il meraviglioso giorno del&hellip;","_links":{"self":[{"href":"https:\/\/anelli3.italix.org\/en\/wp-json\/wp\/v2\/pages\/11","targetHints":{"allow":["GET"]}}],"collection":[{"href":"https:\/\/anelli3.italix.org\/en\/wp-json\/wp\/v2\/pages"}],"about":[{"href":"https:\/\/anelli3.italix.org\/en\/wp-json\/wp\/v2\/types\/page"}],"author":[{"embeddable":true,"href":"https:\/\/anelli3.italix.org\/en\/wp-json\/wp\/v2\/users\/2"}],"replies":[{"embeddable":true,"href":"https:\/\/anelli3.italix.org\/en\/wp-json\/wp\/v2\/comments?post=11"}],"version-history":[{"count":13,"href":"https:\/\/anelli3.italix.org\/en\/wp-json\/wp\/v2\/pages\/11\/revisions"}],"predecessor-version":[{"id":6431,"href":"https:\/\/anelli3.italix.org\/en\/wp-json\/wp\/v2\/pages\/11\/revisions\/6431"}],"wp:attachment":[{"href":"https:\/\/anelli3.italix.org\/en\/wp-json\/wp\/v2\/media?parent=11"}],"curies":[{"name":"wp","href":"https:\/\/api.w.org\/{rel}","templated":true}]}}